{"id":15026,"date":"2022-07-05T15:12:01","date_gmt":"2022-07-05T15:12:01","guid":{"rendered":"https:\/\/www.paristclinic.com\/?page_id=15026"},"modified":"2022-10-01T07:29:26","modified_gmt":"2022-10-01T07:29:26","slug":"operation-daugmentation-mammaire","status":"publish","type":"page","link":"https:\/\/www.evrendilektasli.com\/tr\/mini-gastrik-bypass-oagb","title":{"rendered":"Mini Gastrik Bypass (OAGB)"},"content":{"rendered":"\t\t<div data-elementor-type=\"wp-page\" data-elementor-id=\"15026\" class=\"elementor elementor-15026\" data-elementor-settings=\"[]\">\n\t\t\t\t\t\t\t<div class=\"elementor-section-wrap\">\n\t\t\t\t\t        <section class=\"elementor-section elementor-top-section elementor-element elementor-element-965e353 elementor-section-stretched elementor-section-content-middle elementor-section-boxed elementor-section-height-default elementor-section-height-default\" data-id=\"965e353\" data-element_type=\"section\" data-settings=\"{&quot;stretch_section&quot;:&quot;section-stretched&quot;,&quot;background_background&quot;:&quot;classic&quot;}\">\n                            <div class=\"elementor-background-overlay\"><\/div>\n                \n                        <div class=\"elementor-container elementor-column-gap-default \">\n                    <div class=\"elementor-column elementor-col-100 elementor-top-column elementor-element elementor-element-e9972e5\" data-id=\"e9972e5\" data-element_type=\"column\">\n            <div class=\"elementor-widget-wrap elementor-element-populated\">\n                        \t\t<div class=\"elementor-element elementor-element-919029d elementor-widget elementor-widget-cms_heading\" data-id=\"919029d\" data-element_type=\"widget\" data-widget_type=\"cms_heading.default\">\n\t\t\t\t<div class=\"elementor-widget-container\">\n\t\t\t<div class=\"cms-heading-wrapper cms-heading-layout1\">\n    \n            <h1 class=\"custom-heading\">\n            <span >Mini Gastrik Bypass (OAGB)\n<\/span>\n        <\/h1>\n        \n    <\/div>\t\t<\/div>\n\t\t\t\t<\/div>\n\t\t            <\/div>\n        <\/div>\n                            <\/div>\n        <\/section>\n                <section class=\"elementor-section elementor-top-section elementor-element elementor-element-d9a01dc elementor-section-boxed elementor-section-height-default elementor-section-height-default\" data-id=\"d9a01dc\" data-element_type=\"section\">\n            \n                        <div class=\"elementor-container elementor-column-gap-default \">\n                    <div class=\"elementor-column elementor-col-33 elementor-top-column elementor-element elementor-element-f78c796\" data-id=\"f78c796\" data-element_type=\"column\">\n            <div class=\"elementor-widget-wrap elementor-element-populated\">\n                        \t\t<div class=\"elementor-element elementor-element-afd5a4e elementor-widget elementor-widget-image\" data-id=\"afd5a4e\" data-element_type=\"widget\" data-widget_type=\"image.default\">\n\t\t\t\t<div class=\"elementor-widget-container\">\n\t\t\t\t\t\t\t\t\t\t\t\t\t\t\t<img width=\"640\" height=\"474\" src=\"https:\/\/www.evrendilektasli.com\/wp-content\/uploads\/2022\/10\/mini-gastrik-bypass.png\" class=\"attachment-large size-large\" alt=\"\" \/>\t\t\t\t\t\t\t\t\t\t\t\t\t\t\t<\/div>\n\t\t\t\t<\/div>\n\t\t            <\/div>\n        <\/div>\n                <div class=\"elementor-column elementor-col-66 elementor-top-column elementor-element elementor-element-2abd268\" data-id=\"2abd268\" data-element_type=\"column\">\n            <div class=\"elementor-widget-wrap elementor-element-populated\">\n                        \t\t<div class=\"elementor-element elementor-element-8e432aa elementor-widget elementor-widget-text-editor\" data-id=\"8e432aa\" data-element_type=\"widget\" data-widget_type=\"text-editor.default\">\n\t\t\t\t<div class=\"elementor-widget-container\">\n\t\t\t\t\t\t\t\t<h2>Mini Gastrik Bypass (Tek anastomoz gastrik bypass) Nedir?<\/h2><p><strong>Mini gastrik bypass<\/strong>\u00a0ya da di\u011fer ad\u0131yla\u00a0<strong>tek anastomoz gastrik bypass<\/strong> \u00e7ok etkili be bir operasyon olup, t\u00fcp mide ile standart bypass ameliyatlar\u0131n baz\u0131 etkilerini kombine edebilmektedir. Midenin \u00fcst k\u0131sm\u0131nda bir t\u00fcp ve bu t\u00fcp a\u015fa\u011f\u0131da ince barsak ile birle\u015ftirilir. Mini gastrik bypass tek ba\u015f\u0131na primer obezite cerrahisi operasyonu olarak uygulanabilir. Ayr\u0131ca daha \u00f6nceden ameliyat olmu\u015f fakat ba\u015far\u0131l\u0131 olamam\u0131\u015f ya da yeterince kilo verememi\u015f hastalarda revizyon cerrahisi olarak da kullan\u0131labilir.<\/p>\t\t\t\t\t\t<\/div>\n\t\t\t\t<\/div>\n\t\t            <\/div>\n        <\/div>\n                            <\/div>\n        <\/section>\n                <section class=\"elementor-section elementor-top-section elementor-element elementor-element-5b91f84 elementor-section-boxed elementor-section-height-default elementor-section-height-default\" data-id=\"5b91f84\" data-element_type=\"section\">\n            \n                        <div class=\"elementor-container elementor-column-gap-default \">\n                    <div class=\"elementor-column elementor-col-100 elementor-top-column elementor-element elementor-element-fff7d36\" data-id=\"fff7d36\" data-element_type=\"column\">\n            <div class=\"elementor-widget-wrap elementor-element-populated\">\n                        \t\t<div class=\"elementor-element elementor-element-97e21ef elementor-widget elementor-widget-text-editor\" data-id=\"97e21ef\" data-element_type=\"widget\" data-widget_type=\"text-editor.default\">\n\t\t\t\t<div class=\"elementor-widget-container\">\n\t\t\t\t\t\t\t\t<h4><strong>Mini Gastrik Bypass ile Nas\u0131l Kilo Verilir?<\/strong><\/h4><p>A\u00e7l\u0131k hissini azalmas\u0131n\u0131 sa\u011flar.<br \/>Erken doygunluk sa\u011flayarak porsiyonlar\u0131 azalt\u0131r.<br \/>Emilen g\u0131da miktar\u0131 bypasslanan 150-200 cm lik ince barsak segmentinden dolay\u0131 azal\u0131r dolay\u0131s\u0131yla al\u0131nan kalori azal\u0131r.<br \/>G\u0131dan\u0131n yenilenen yolu ile ince barsak hormonlar\u0131 sinyalleri de\u011fi\u015fir ve tip 2 diyabet ba\u015fta olmak \u00fczere bir\u00e7ok Obezite ile<br \/>ili\u015fkili hastal\u0131k veya riski d\u00fczelir.<\/p><h4><strong>Ameliyat nas\u0131l ger\u00e7ekle\u015ftirilir?<\/strong><\/h4><p>Kapal\u0131 y\u00f6ntemle (Laparoskopik) genel anestezi alt\u0131nda 5 ile 12 mm aras\u0131nda de\u011fi\u015fen 5 adet k\u00fc\u00e7\u00fck kesi ile ve buralardan<br \/>yerle\u015ftirilen el aletleri ile operasyon ger\u00e7ekle\u015ftirilir. Midenin \u00fcst kesiminde uzun bir 50 cc hacminde bir t\u00fcp olu\u015fturulur. Bu<br \/>k\u0131s\u0131m d\u0131\u015f\u0131ndaki mide ile ba\u011flant\u0131 kesilir. Bu t\u00fcp daha sonra ince barsa\u011f\u0131n ilk k\u0131sm\u0131 olan oniki parmak barsa\u011f\u0131 ile dikilir.<br \/>Midenin di\u011fer k\u0131sm\u0131 ve ince barsa\u011f\u0131n ilk segmentleri \u00e7\u0131kar\u0131lmaz fakat g\u0131dan\u0131n emiliminde bir fonksiyon g\u00f6stermezler.<br \/>Ameliyat ortalama 60-90 dakika aras\u0131 s\u00fcrer.<\/p>\t\t\t\t\t\t<\/div>\n\t\t\t\t<\/div>\n\t\t            <\/div>\n        <\/div>\n                            <\/div>\n        <\/section>\n        \t\t\t\t<\/div>\n\t\t\t\t\t<\/div>\n\t\t","protected":false},"excerpt":{"rendered":"<p>Mini Gastrik Bypass (OAGB) Mini Gastrik Bypass (Tek anastomoz gastrik bypass) Nedir? Mini gastrik bypass\u00a0ya da di\u011fer ad\u0131yla\u00a0tek anastomoz gastrik bypass \u00e7ok etkili be bir operasyon olup, t\u00fcp mide ile standart bypass ameliyatlar\u0131n baz\u0131 etkilerini kombine edebilmektedir. Midenin \u00fcst k\u0131sm\u0131nda bir t\u00fcp ve bu t\u00fcp a\u015fa\u011f\u0131da ince barsak ile birle\u015ftirilir. Mini gastrik bypass tek ba\u015f\u0131na [&hellip;]<\/p>\n","protected":false},"author":1,"featured_media":0,"parent":0,"menu_order":0,"comment_status":"closed","ping_status":"closed","template":"","meta":{"_monsterinsights_skip_tracking":false,"_monsterinsights_sitenote_active":false,"_monsterinsights_sitenote_note":"","_monsterinsights_sitenote_category":0},"_links":{"self":[{"href":"https:\/\/www.evrendilektasli.com\/tr\/wp-json\/wp\/v2\/pages\/15026"}],"collection":[{"href":"https:\/\/www.evrendilektasli.com\/tr\/wp-json\/wp\/v2\/pages"}],"about":[{"href":"https:\/\/www.evrendilektasli.com\/tr\/wp-json\/wp\/v2\/types\/page"}],"author":[{"embeddable":true,"href":"https:\/\/www.evrendilektasli.com\/tr\/wp-json\/wp\/v2\/users\/1"}],"replies":[{"embeddable":true,"href":"https:\/\/www.evrendilektasli.com\/tr\/wp-json\/wp\/v2\/comments?post=15026"}],"version-history":[{"count":8,"href":"https:\/\/www.evrendilektasli.com\/tr\/wp-json\/wp\/v2\/pages\/15026\/revisions"}],"predecessor-version":[{"id":16472,"href":"https:\/\/www.evrendilektasli.com\/tr\/wp-json\/wp\/v2\/pages\/15026\/revisions\/16472"}],"wp:attachment":[{"href":"https:\/\/www.evrendilektasli.com\/tr\/wp-json\/wp\/v2\/media?parent=15026"}],"curies":[{"name":"wp","href":"https:\/\/api.w.org\/{rel}","templated":true}]}}